{"id":411,"date":"2017-09-01T15:01:47","date_gmt":"2017-09-01T15:01:47","guid":{"rendered":"http:\/\/www.comermaq.com\/es\/?page_id=411"},"modified":"2017-10-02T15:29:32","modified_gmt":"2017-10-02T15:29:32","slug":"servicio-tecnico","status":"publish","type":"page","link":"http:\/\/www.comermaq.com\/es\/servicio-tecnico\/","title":{"rendered":"Servicio T\u00e9cnico"},"content":{"rendered":"<p>Ofrecemos un servicio integral de mantenimiento y reparaci\u00f3n de todo tipo de equipos de elevaci\u00f3n (puentes gr\u00faa, gr\u00faas p\u00f3rtico, polipastos, pescantes y cabrestantes).<br \/>\nNuestro servicio de asistencia t\u00e9cnica est\u00e1 formado por equipos de mec\u00e1nicos altamente calificados y con larga experiencia. Nuestro taller se encuentra en constante renovaci\u00f3n y incorpora los \u00faltimos equipos de diagnosis del mercado. Esto, combinado con una amplia flota de veh\u00edculos de servicio t\u00e9cnico, perfectamente equipados, garantiza la atenci\u00f3n y la reparaci\u00f3n tanto en las instalaciones del cliente como en el taller en el menor tiempo posible.<br \/>\nDisponemos de diferentes opciones de mantenimiento para adecuarse a las necesidades de cada cliente:<\/p>\n<p>\u2022 Reparaciones: mantenimiento correctivo de aver\u00edas.<\/p>\n<p>\u2022 Contrato de mantenimiento preventivo: este contrato cubre la totalidad de las revisiones preventivas que peri\u00f3dicamente se tienen que hacer a sus equipos, siguiendo el plan de revisiones del fabricante para cada modelo.<\/p>\n<p>\u2022 Contrato: este contrato incluye, adem\u00e1s del mantenimiento preventivo, todas las reparaciones causadas por aver\u00edas que puedan tener sus equipos.<\/p>\n<p>\u2022 Revisiones de Prevenci\u00f3n de Riesgos Laborales. Se trata de hacer una revisi\u00f3n a fondo de la m\u00e1quina para comprobar que cumpla todos los requisitos que la ley exige en materia de Prevenci\u00f3n de Riesgos Laborales (RD1215; RD:1644 \u2026) Esta revisi\u00f3n est\u00e1 especialmente indicada para equipos antiguos\u00a0que no hayan tenido un mantenimiento adecuado.<\/p>\n<p>&nbsp;<\/p>\n<div class=\"su-button-center\"><a href=\"http:\/\/www.comermaq.com\/es\/contactar\/\" class=\"su-button su-button-style-default\" style=\"color:#FFFFFF;background-color:#333333;border-color:#292929;border-radius:40px\" target=\"_self\"><span style=\"color:#FFFFFF;padding:7px 20px;font-size:16px;line-height:24px;border-color:#717171;border-radius:40px;text-shadow:none\"><i class=\"sui sui-check\" style=\"font-size:16px;color:#FFFFFF\"><\/i> Cons\u00faltenos y le asesoraremos<\/span><\/a><\/div>\n","protected":false},"excerpt":{"rendered":"<p>Ofrecemos un servicio integral de mantenimiento y reparaci\u00f3n de todo tipo de equipos de elevaci\u00f3n (puentes gr\u00faa, gr\u00faas p\u00f3rtico, polipastos, pescantes y cabrestantes). Nuestro servicio de asistencia t\u00e9cnica est\u00e1 formado por equipos de mec\u00e1nicos altamente calificados y con larga experiencia. Nuestro taller se encuentra en constante renovaci\u00f3n y incorpora los \u00faltimos equipos de diagnosis del [&hellip;]<\/p>\n","protected":false},"author":1,"featured_media":412,"parent":0,"menu_order":0,"comment_status":"closed","ping_status":"closed","template":"templates\/fullwidth.php","meta":{"footnotes":""},"class_list":["post-411","page","type-page","status-publish","has-post-thumbnail","hentry","page-entry","loop-entry clr"],"yoast_head":"<!-- This site is optimized with the Yoast SEO plugin v26.9 - https:\/\/yoast.com\/product\/yoast-seo-wordpress\/ -->\n<title>Servicio t\u00e9cnico de mantenimiento y reparaci\u00f3n de equipos de elevaci\u00f3n<\/title>\n<meta name=\"description\" content=\"Ofrecemos un servicio t\u00e9cnico de mantenimiento preventivo y o correctivo, revisiones y reparaciones de todo tipos de equipos de elevaci\u00f3n. Comermaq Tarraco\" \/>\n<meta name=\"robots\" content=\"index, follow, max-snippet:-1, max-image-preview:large, max-video-preview:-1\" \/>\n<link rel=\"canonical\" href=\"http:\/\/www.comermaq.com\/es\/servicio-tecnico\/\" \/>\n<meta property=\"og:locale\" content=\"es_ES\" \/>\n<meta property=\"og:type\" content=\"article\" \/>\n<meta property=\"og:title\" content=\"Servicio t\u00e9cnico de mantenimiento y reparaci\u00f3n de equipos de elevaci\u00f3n\" \/>\n<meta property=\"og:description\" content=\"Ofrecemos un servicio t\u00e9cnico de mantenimiento preventivo y o correctivo, revisiones y reparaciones de todo tipos de equipos de elevaci\u00f3n. Comermaq Tarraco\" \/>\n<meta property=\"og:url\" content=\"http:\/\/www.comermaq.com\/es\/servicio-tecnico\/\" \/>\n<meta property=\"og:site_name\" content=\"COMERMAQ TARRACO SL\" \/>\n<meta property=\"article:modified_time\" content=\"2017-10-02T15:29:32+00:00\" \/>\n<meta property=\"og:image\" content=\"http:\/\/www.comermaq.com\/wp-content\/uploads\/2016\/07\/servei-tecnic.jpg\" \/>\n\t<meta property=\"og:image:width\" content=\"976\" \/>\n\t<meta property=\"og:image:height\" content=\"227\" \/>\n\t<meta property=\"og:image:type\" content=\"image\/jpeg\" \/>\n<meta name=\"twitter:card\" content=\"summary_large_image\" \/>\n<meta name=\"twitter:label1\" content=\"Tiempo de lectura\" \/>\n\t<meta name=\"twitter:data1\" content=\"1 minuto\" \/>\n<script type=\"application\/ld+json\" class=\"yoast-schema-graph\">{\"@context\":\"https:\/\/schema.org\",\"@graph\":[{\"@type\":\"WebPage\",\"@id\":\"http:\/\/www.comermaq.com\/es\/servicio-tecnico\/\",\"url\":\"http:\/\/www.comermaq.com\/es\/servicio-tecnico\/\",\"name\":\"Servicio t\u00e9cnico de mantenimiento y reparaci\u00f3n de equipos de elevaci\u00f3n\",\"isPartOf\":{\"@id\":\"http:\/\/www.comermaq.com\/#website\"},\"primaryImageOfPage\":{\"@id\":\"http:\/\/www.comermaq.com\/es\/servicio-tecnico\/#primaryimage\"},\"image\":{\"@id\":\"http:\/\/www.comermaq.com\/es\/servicio-tecnico\/#primaryimage\"},\"thumbnailUrl\":\"http:\/\/www.comermaq.com\/wp-content\/uploads\/2016\/07\/servei-tecnic.jpg\",\"datePublished\":\"2017-09-01T15:01:47+00:00\",\"dateModified\":\"2017-10-02T15:29:32+00:00\",\"description\":\"Ofrecemos un servicio t\u00e9cnico de mantenimiento preventivo y o correctivo, revisiones y reparaciones de todo tipos de equipos de elevaci\u00f3n. Comermaq Tarraco\",\"breadcrumb\":{\"@id\":\"http:\/\/www.comermaq.com\/es\/servicio-tecnico\/#breadcrumb\"},\"inLanguage\":\"es\",\"potentialAction\":[{\"@type\":\"ReadAction\",\"target\":[\"http:\/\/www.comermaq.com\/es\/servicio-tecnico\/\"]}]},{\"@type\":\"ImageObject\",\"inLanguage\":\"es\",\"@id\":\"http:\/\/www.comermaq.com\/es\/servicio-tecnico\/#primaryimage\",\"url\":\"http:\/\/www.comermaq.com\/wp-content\/uploads\/2016\/07\/servei-tecnic.jpg\",\"contentUrl\":\"http:\/\/www.comermaq.com\/wp-content\/uploads\/2016\/07\/servei-tecnic.jpg\",\"width\":976,\"height\":227},{\"@type\":\"BreadcrumbList\",\"@id\":\"http:\/\/www.comermaq.com\/es\/servicio-tecnico\/#breadcrumb\",\"itemListElement\":[{\"@type\":\"ListItem\",\"position\":1,\"name\":\"Portada\",\"item\":\"http:\/\/www.comermaq.com\/es\/\"},{\"@type\":\"ListItem\",\"position\":2,\"name\":\"Servicio T\u00e9cnico\"}]},{\"@type\":\"WebSite\",\"@id\":\"http:\/\/www.comermaq.com\/#website\",\"url\":\"http:\/\/www.comermaq.com\/\",\"name\":\"COMERMAQ TARRACO SL\",\"description\":\"Lloguer, venda, manteniment  i reparaci\u00f3 d&#039;equips d&#039;elevaci\u00f3\",\"publisher\":{\"@id\":\"http:\/\/www.comermaq.com\/#organization\"},\"potentialAction\":[{\"@type\":\"SearchAction\",\"target\":{\"@type\":\"EntryPoint\",\"urlTemplate\":\"http:\/\/www.comermaq.com\/?s={search_term_string}\"},\"query-input\":{\"@type\":\"PropertyValueSpecification\",\"valueRequired\":true,\"valueName\":\"search_term_string\"}}],\"inLanguage\":\"es\"},{\"@type\":\"Organization\",\"@id\":\"http:\/\/www.comermaq.com\/#organization\",\"name\":\"Comermaq\",\"url\":\"http:\/\/www.comermaq.com\/\",\"logo\":{\"@type\":\"ImageObject\",\"inLanguage\":\"es\",\"@id\":\"http:\/\/www.comermaq.com\/#\/schema\/logo\/image\/\",\"url\":\"http:\/\/www.comermaq.com\/wp-content\/uploads\/2016\/11\/LOGO_COMERMAQ.jpg\",\"contentUrl\":\"http:\/\/www.comermaq.com\/wp-content\/uploads\/2016\/11\/LOGO_COMERMAQ.jpg\",\"width\":250,\"height\":122,\"caption\":\"Comermaq\"},\"image\":{\"@id\":\"http:\/\/www.comermaq.com\/#\/schema\/logo\/image\/\"}}]}<\/script>\n<!-- \/ Yoast SEO plugin. -->","yoast_head_json":{"title":"Servicio t\u00e9cnico de mantenimiento y reparaci\u00f3n de equipos de elevaci\u00f3n","description":"Ofrecemos un servicio t\u00e9cnico de mantenimiento preventivo y o correctivo, revisiones y reparaciones de todo tipos de equipos de elevaci\u00f3n. Comermaq Tarraco","robots":{"index":"index","follow":"follow","max-snippet":"max-snippet:-1","max-image-preview":"max-image-preview:large","max-video-preview":"max-video-preview:-1"},"canonical":"http:\/\/www.comermaq.com\/es\/servicio-tecnico\/","og_locale":"es_ES","og_type":"article","og_title":"Servicio t\u00e9cnico de mantenimiento y reparaci\u00f3n de equipos de elevaci\u00f3n","og_description":"Ofrecemos un servicio t\u00e9cnico de mantenimiento preventivo y o correctivo, revisiones y reparaciones de todo tipos de equipos de elevaci\u00f3n. Comermaq Tarraco","og_url":"http:\/\/www.comermaq.com\/es\/servicio-tecnico\/","og_site_name":"COMERMAQ TARRACO SL","article_modified_time":"2017-10-02T15:29:32+00:00","og_image":[{"width":976,"height":227,"url":"http:\/\/www.comermaq.com\/wp-content\/uploads\/2016\/07\/servei-tecnic.jpg","type":"image\/jpeg"}],"twitter_card":"summary_large_image","twitter_misc":{"Tiempo de lectura":"1 minuto"},"schema":{"@context":"https:\/\/schema.org","@graph":[{"@type":"WebPage","@id":"http:\/\/www.comermaq.com\/es\/servicio-tecnico\/","url":"http:\/\/www.comermaq.com\/es\/servicio-tecnico\/","name":"Servicio t\u00e9cnico de mantenimiento y reparaci\u00f3n de equipos de elevaci\u00f3n","isPartOf":{"@id":"http:\/\/www.comermaq.com\/#website"},"primaryImageOfPage":{"@id":"http:\/\/www.comermaq.com\/es\/servicio-tecnico\/#primaryimage"},"image":{"@id":"http:\/\/www.comermaq.com\/es\/servicio-tecnico\/#primaryimage"},"thumbnailUrl":"http:\/\/www.comermaq.com\/wp-content\/uploads\/2016\/07\/servei-tecnic.jpg","datePublished":"2017-09-01T15:01:47+00:00","dateModified":"2017-10-02T15:29:32+00:00","description":"Ofrecemos un servicio t\u00e9cnico de mantenimiento preventivo y o correctivo, revisiones y reparaciones de todo tipos de equipos de elevaci\u00f3n. Comermaq Tarraco","breadcrumb":{"@id":"http:\/\/www.comermaq.com\/es\/servicio-tecnico\/#breadcrumb"},"inLanguage":"es","potentialAction":[{"@type":"ReadAction","target":["http:\/\/www.comermaq.com\/es\/servicio-tecnico\/"]}]},{"@type":"ImageObject","inLanguage":"es","@id":"http:\/\/www.comermaq.com\/es\/servicio-tecnico\/#primaryimage","url":"http:\/\/www.comermaq.com\/wp-content\/uploads\/2016\/07\/servei-tecnic.jpg","contentUrl":"http:\/\/www.comermaq.com\/wp-content\/uploads\/2016\/07\/servei-tecnic.jpg","width":976,"height":227},{"@type":"BreadcrumbList","@id":"http:\/\/www.comermaq.com\/es\/servicio-tecnico\/#breadcrumb","itemListElement":[{"@type":"ListItem","position":1,"name":"Portada","item":"http:\/\/www.comermaq.com\/es\/"},{"@type":"ListItem","position":2,"name":"Servicio T\u00e9cnico"}]},{"@type":"WebSite","@id":"http:\/\/www.comermaq.com\/#website","url":"http:\/\/www.comermaq.com\/","name":"COMERMAQ TARRACO SL","description":"Lloguer, venda, manteniment  i reparaci\u00f3 d&#039;equips d&#039;elevaci\u00f3","publisher":{"@id":"http:\/\/www.comermaq.com\/#organization"},"potentialAction":[{"@type":"SearchAction","target":{"@type":"EntryPoint","urlTemplate":"http:\/\/www.comermaq.com\/?s={search_term_string}"},"query-input":{"@type":"PropertyValueSpecification","valueRequired":true,"valueName":"search_term_string"}}],"inLanguage":"es"},{"@type":"Organization","@id":"http:\/\/www.comermaq.com\/#organization","name":"Comermaq","url":"http:\/\/www.comermaq.com\/","logo":{"@type":"ImageObject","inLanguage":"es","@id":"http:\/\/www.comermaq.com\/#\/schema\/logo\/image\/","url":"http:\/\/www.comermaq.com\/wp-content\/uploads\/2016\/11\/LOGO_COMERMAQ.jpg","contentUrl":"http:\/\/www.comermaq.com\/wp-content\/uploads\/2016\/11\/LOGO_COMERMAQ.jpg","width":250,"height":122,"caption":"Comermaq"},"image":{"@id":"http:\/\/www.comermaq.com\/#\/schema\/logo\/image\/"}}]}},"_links":{"self":[{"href":"http:\/\/www.comermaq.com\/es\/wp-json\/wp\/v2\/pages\/411","targetHints":{"allow":["GET"]}}],"collection":[{"href":"http:\/\/www.comermaq.com\/es\/wp-json\/wp\/v2\/pages"}],"about":[{"href":"http:\/\/www.comermaq.com\/es\/wp-json\/wp\/v2\/types\/page"}],"author":[{"embeddable":true,"href":"http:\/\/www.comermaq.com\/es\/wp-json\/wp\/v2\/users\/1"}],"replies":[{"embeddable":true,"href":"http:\/\/www.comermaq.com\/es\/wp-json\/wp\/v2\/comments?post=411"}],"version-history":[{"count":4,"href":"http:\/\/www.comermaq.com\/es\/wp-json\/wp\/v2\/pages\/411\/revisions"}],"predecessor-version":[{"id":555,"href":"http:\/\/www.comermaq.com\/es\/wp-json\/wp\/v2\/pages\/411\/revisions\/555"}],"wp:featuredmedia":[{"embeddable":true,"href":"http:\/\/www.comermaq.com\/es\/wp-json\/wp\/v2\/media\/412"}],"wp:attachment":[{"href":"http:\/\/www.comermaq.com\/es\/wp-json\/wp\/v2\/media?parent=411"}],"curies":[{"name":"wp","href":"https:\/\/api.w.org\/{rel}","templated":true}]}}