{"id":401,"date":"2017-09-01T14:39:55","date_gmt":"2017-09-01T14:39:55","guid":{"rendered":"http:\/\/www.comermaq.com\/es\/?page_id=401"},"modified":"2019-11-06T15:25:45","modified_gmt":"2019-11-06T15:25:45","slug":"alquiler-venta-mantenimiento-reparacion-equipos-elevacion-comermaq","status":"publish","type":"page","link":"http:\/\/www.comermaq.com\/es\/","title":{"rendered":"Alquiler, venta, mantenimiento y reparaci\u00f3n de equipos de elevaci\u00f3n Comermaq"},"content":{"rendered":"","protected":false},"excerpt":{"rendered":"","protected":false},"author":1,"featured_media":0,"parent":0,"menu_order":0,"comment_status":"closed","ping_status":"closed","template":"templates\/home.php","meta":{"footnotes":""},"class_list":["post-401","page","type-page","status-publish","hentry","page-entry","loop-entry clr"],"yoast_head":"<!-- This site is optimized with the Yoast SEO plugin v26.9 - https:\/\/yoast.com\/product\/yoast-seo-wordpress\/ -->\n<title>Comermaq Tarraco. Alquiler, venta, reparaci\u00f3n de maquinaria industrial<\/title>\n<meta name=\"description\" content=\"Mantenimiento, reparaci\u00f3n, alquiler, venta, reparaci\u00f3n de maquinaria y equipos industriales elevaci\u00f3n: puentes desea, p\u00f3rticos, polipastos, l\u00edneas de vida\" \/>\n<meta name=\"robots\" content=\"index, follow, max-snippet:-1, max-image-preview:large, max-video-preview:-1\" \/>\n<link rel=\"canonical\" href=\"http:\/\/www.comermaq.com\/es\/\" \/>\n<meta property=\"og:locale\" content=\"es_ES\" \/>\n<meta property=\"og:type\" content=\"article\" \/>\n<meta property=\"og:title\" content=\"Comermaq Tarraco. Alquiler, venta, reparaci\u00f3n de maquinaria industrial\" \/>\n<meta property=\"og:description\" content=\"Mantenimiento, reparaci\u00f3n, alquiler, venta, reparaci\u00f3n de maquinaria y equipos industriales elevaci\u00f3n: puentes desea, p\u00f3rticos, polipastos, l\u00edneas de vida\" \/>\n<meta property=\"og:url\" content=\"http:\/\/www.comermaq.com\/es\/\" \/>\n<meta property=\"og:site_name\" content=\"COMERMAQ TARRACO SL\" \/>\n<meta property=\"article:modified_time\" content=\"2019-11-06T15:25:45+00:00\" \/>\n<meta name=\"twitter:card\" content=\"summary_large_image\" \/>\n<script type=\"application\/ld+json\" class=\"yoast-schema-graph\">{\"@context\":\"https:\/\/schema.org\",\"@graph\":[{\"@type\":\"WebPage\",\"@id\":\"http:\/\/www.comermaq.com\/es\/\",\"url\":\"http:\/\/www.comermaq.com\/es\/\",\"name\":\"Comermaq Tarraco. Alquiler, venta, reparaci\u00f3n de maquinaria industrial\",\"isPartOf\":{\"@id\":\"http:\/\/www.comermaq.com\/#website\"},\"datePublished\":\"2017-09-01T14:39:55+00:00\",\"dateModified\":\"2019-11-06T15:25:45+00:00\",\"description\":\"Mantenimiento, reparaci\u00f3n, alquiler, venta, reparaci\u00f3n de maquinaria y equipos industriales elevaci\u00f3n: puentes desea, p\u00f3rticos, polipastos, l\u00edneas de vida\",\"breadcrumb\":{\"@id\":\"http:\/\/www.comermaq.com\/es\/#breadcrumb\"},\"inLanguage\":\"es\",\"potentialAction\":[{\"@type\":\"ReadAction\",\"target\":[\"http:\/\/www.comermaq.com\/es\/\"]}]},{\"@type\":\"BreadcrumbList\",\"@id\":\"http:\/\/www.comermaq.com\/es\/#breadcrumb\",\"itemListElement\":[{\"@type\":\"ListItem\",\"position\":1,\"name\":\"Portada\",\"item\":\"http:\/\/www.comermaq.com\/es\/\"},{\"@type\":\"ListItem\",\"position\":2,\"name\":\"Alquiler, venta, mantenimiento y reparaci\u00f3n de equipos de elevaci\u00f3n Comermaq\"}]},{\"@type\":\"WebSite\",\"@id\":\"http:\/\/www.comermaq.com\/#website\",\"url\":\"http:\/\/www.comermaq.com\/\",\"name\":\"COMERMAQ TARRACO SL\",\"description\":\"Lloguer, venda, manteniment  i reparaci\u00f3 d&#039;equips d&#039;elevaci\u00f3\",\"publisher\":{\"@id\":\"http:\/\/www.comermaq.com\/#organization\"},\"potentialAction\":[{\"@type\":\"SearchAction\",\"target\":{\"@type\":\"EntryPoint\",\"urlTemplate\":\"http:\/\/www.comermaq.com\/?s={search_term_string}\"},\"query-input\":{\"@type\":\"PropertyValueSpecification\",\"valueRequired\":true,\"valueName\":\"search_term_string\"}}],\"inLanguage\":\"es\"},{\"@type\":\"Organization\",\"@id\":\"http:\/\/www.comermaq.com\/#organization\",\"name\":\"Comermaq\",\"url\":\"http:\/\/www.comermaq.com\/\",\"logo\":{\"@type\":\"ImageObject\",\"inLanguage\":\"es\",\"@id\":\"http:\/\/www.comermaq.com\/#\/schema\/logo\/image\/\",\"url\":\"http:\/\/www.comermaq.com\/wp-content\/uploads\/2016\/11\/LOGO_COMERMAQ.jpg\",\"contentUrl\":\"http:\/\/www.comermaq.com\/wp-content\/uploads\/2016\/11\/LOGO_COMERMAQ.jpg\",\"width\":250,\"height\":122,\"caption\":\"Comermaq\"},\"image\":{\"@id\":\"http:\/\/www.comermaq.com\/#\/schema\/logo\/image\/\"}}]}<\/script>\n<!-- \/ Yoast SEO plugin. -->","yoast_head_json":{"title":"Comermaq Tarraco. Alquiler, venta, reparaci\u00f3n de maquinaria industrial","description":"Mantenimiento, reparaci\u00f3n, alquiler, venta, reparaci\u00f3n de maquinaria y equipos industriales elevaci\u00f3n: puentes desea, p\u00f3rticos, polipastos, l\u00edneas de vida","robots":{"index":"index","follow":"follow","max-snippet":"max-snippet:-1","max-image-preview":"max-image-preview:large","max-video-preview":"max-video-preview:-1"},"canonical":"http:\/\/www.comermaq.com\/es\/","og_locale":"es_ES","og_type":"article","og_title":"Comermaq Tarraco. Alquiler, venta, reparaci\u00f3n de maquinaria industrial","og_description":"Mantenimiento, reparaci\u00f3n, alquiler, venta, reparaci\u00f3n de maquinaria y equipos industriales elevaci\u00f3n: puentes desea, p\u00f3rticos, polipastos, l\u00edneas de vida","og_url":"http:\/\/www.comermaq.com\/es\/","og_site_name":"COMERMAQ TARRACO SL","article_modified_time":"2019-11-06T15:25:45+00:00","twitter_card":"summary_large_image","schema":{"@context":"https:\/\/schema.org","@graph":[{"@type":"WebPage","@id":"http:\/\/www.comermaq.com\/es\/","url":"http:\/\/www.comermaq.com\/es\/","name":"Comermaq Tarraco. Alquiler, venta, reparaci\u00f3n de maquinaria industrial","isPartOf":{"@id":"http:\/\/www.comermaq.com\/#website"},"datePublished":"2017-09-01T14:39:55+00:00","dateModified":"2019-11-06T15:25:45+00:00","description":"Mantenimiento, reparaci\u00f3n, alquiler, venta, reparaci\u00f3n de maquinaria y equipos industriales elevaci\u00f3n: puentes desea, p\u00f3rticos, polipastos, l\u00edneas de vida","breadcrumb":{"@id":"http:\/\/www.comermaq.com\/es\/#breadcrumb"},"inLanguage":"es","potentialAction":[{"@type":"ReadAction","target":["http:\/\/www.comermaq.com\/es\/"]}]},{"@type":"BreadcrumbList","@id":"http:\/\/www.comermaq.com\/es\/#breadcrumb","itemListElement":[{"@type":"ListItem","position":1,"name":"Portada","item":"http:\/\/www.comermaq.com\/es\/"},{"@type":"ListItem","position":2,"name":"Alquiler, venta, mantenimiento y reparaci\u00f3n de equipos de elevaci\u00f3n Comermaq"}]},{"@type":"WebSite","@id":"http:\/\/www.comermaq.com\/#website","url":"http:\/\/www.comermaq.com\/","name":"COMERMAQ TARRACO SL","description":"Lloguer, venda, manteniment  i reparaci\u00f3 d&#039;equips d&#039;elevaci\u00f3","publisher":{"@id":"http:\/\/www.comermaq.com\/#organization"},"potentialAction":[{"@type":"SearchAction","target":{"@type":"EntryPoint","urlTemplate":"http:\/\/www.comermaq.com\/?s={search_term_string}"},"query-input":{"@type":"PropertyValueSpecification","valueRequired":true,"valueName":"search_term_string"}}],"inLanguage":"es"},{"@type":"Organization","@id":"http:\/\/www.comermaq.com\/#organization","name":"Comermaq","url":"http:\/\/www.comermaq.com\/","logo":{"@type":"ImageObject","inLanguage":"es","@id":"http:\/\/www.comermaq.com\/#\/schema\/logo\/image\/","url":"http:\/\/www.comermaq.com\/wp-content\/uploads\/2016\/11\/LOGO_COMERMAQ.jpg","contentUrl":"http:\/\/www.comermaq.com\/wp-content\/uploads\/2016\/11\/LOGO_COMERMAQ.jpg","width":250,"height":122,"caption":"Comermaq"},"image":{"@id":"http:\/\/www.comermaq.com\/#\/schema\/logo\/image\/"}}]}},"_links":{"self":[{"href":"http:\/\/www.comermaq.com\/es\/wp-json\/wp\/v2\/pages\/401","targetHints":{"allow":["GET"]}}],"collection":[{"href":"http:\/\/www.comermaq.com\/es\/wp-json\/wp\/v2\/pages"}],"about":[{"href":"http:\/\/www.comermaq.com\/es\/wp-json\/wp\/v2\/types\/page"}],"author":[{"embeddable":true,"href":"http:\/\/www.comermaq.com\/es\/wp-json\/wp\/v2\/users\/1"}],"replies":[{"embeddable":true,"href":"http:\/\/www.comermaq.com\/es\/wp-json\/wp\/v2\/comments?post=401"}],"version-history":[{"count":1,"href":"http:\/\/www.comermaq.com\/es\/wp-json\/wp\/v2\/pages\/401\/revisions"}],"predecessor-version":[{"id":402,"href":"http:\/\/www.comermaq.com\/es\/wp-json\/wp\/v2\/pages\/401\/revisions\/402"}],"wp:attachment":[{"href":"http:\/\/www.comermaq.com\/es\/wp-json\/wp\/v2\/media?parent=401"}],"curies":[{"name":"wp","href":"https:\/\/api.w.org\/{rel}","templated":true}]}}