{"id":396,"date":"2017-09-01T14:33:53","date_gmt":"2017-09-01T14:33:53","guid":{"rendered":"http:\/\/www.comermaq.com\/es\/?page_id=396"},"modified":"2021-01-27T16:26:29","modified_gmt":"2021-01-27T16:26:29","slug":"equipos-elevacion","status":"publish","type":"page","link":"http:\/\/www.comermaq.com\/es\/equipos-elevacion\/","title":{"rendered":"Equipos Elevaci\u00f3n"},"content":{"rendered":"<p>Somos especialistas en elevaci\u00f3n y disponemos de una amplia oferta en Puentes gr\u00faa, P\u00f3rticos, Pescantes, Polipastos y Cabrestantes. Consulte con nuestro equipo de especialistas y le ayudaremos a buscar la mejor soluci\u00f3n en intralog\u00edstica.<br \/>\n<div class=\"su-row\">\n<div class=\"su-column su-column-size-1-5\"><div class=\"su-column-inner su-u-clearfix su-u-trim\"> <img loading=\"lazy\" decoding=\"async\" class=\"alignnone wp-image-692 size-medium\" src=\"http:\/\/www.comermaq.com\/wp-content\/uploads\/2016\/07\/p_grua_birrail_polisp_cabl_-300x258.png\" alt=\"\" width=\"300\" height=\"258\" srcset=\"http:\/\/www.comermaq.com\/wp-content\/uploads\/2016\/07\/p_grua_birrail_polisp_cabl_-300x258.png 300w, http:\/\/www.comermaq.com\/wp-content\/uploads\/2016\/07\/p_grua_birrail_polisp_cabl_-150x129.png 150w, http:\/\/www.comermaq.com\/wp-content\/uploads\/2016\/07\/p_grua_birrail_polisp_cabl_.png 428w\" sizes=\"auto, (max-width: 300px) 100vw, 300px\" \/><\/p>\n<h4><a href=\"http:\/\/www.comermaq.com\/es\/productos\/puentes-grua\/\">Puentes gr\u00faa<\/a><\/h4>\n<\/div><\/div>\n<div class=\"su-column su-column-size-1-5\"><div class=\"su-column-inner su-u-clearfix su-u-trim\"> <a href=\"http:\/\/www.comermaq.com\/es\/productos\/portico-manual\/\"><img loading=\"lazy\" decoding=\"async\" class=\"alignnone wp-image-55 size-full\" src=\"\/wp-content\/uploads\/2016\/07\/hills-400x340.jpg\" alt=\"Comermaq P\u00f3rtico manual\" width=\"400\" height=\"340\" srcset=\"http:\/\/www.comermaq.com\/wp-content\/uploads\/2016\/07\/hills-400x340.jpg 400w, http:\/\/www.comermaq.com\/wp-content\/uploads\/2016\/07\/hills-400x340-300x255.jpg 300w, http:\/\/www.comermaq.com\/wp-content\/uploads\/2016\/07\/hills-400x340-150x128.jpg 150w\" sizes=\"auto, (max-width: 400px) 100vw, 400px\" \/><\/a><\/p>\n<h4><a href=\"http:\/\/www.comermaq.com\/es\/productos\/portico-manual\/\">P\u00f3rtico manual<\/a><\/h4>\n<\/div><\/div>\n<div class=\"su-column su-column-size-1-5\"><div class=\"su-column-inner su-u-clearfix su-u-trim\"> <img loading=\"lazy\" decoding=\"async\" class=\"alignnone wp-image-699 size-medium\" src=\"http:\/\/www.comermaq.com\/wp-content\/uploads\/2016\/07\/polispast_menu-300x258.png\" alt=\"\" width=\"300\" height=\"258\" srcset=\"http:\/\/www.comermaq.com\/wp-content\/uploads\/2016\/07\/polispast_menu-300x258.png 300w, http:\/\/www.comermaq.com\/wp-content\/uploads\/2016\/07\/polispast_menu-150x129.png 150w, http:\/\/www.comermaq.com\/wp-content\/uploads\/2016\/07\/polispast_menu.png 428w\" sizes=\"auto, (max-width: 300px) 100vw, 300px\" \/><\/p>\n<h4><a href=\"http:\/\/www.comermaq.com\/es\/productos\/polipastos\/\" rel=\"bookmark\">Polipastos<\/a><\/h4>\n<\/div><\/div>\n<div class=\"su-column su-column-size-1-5\"><div class=\"su-column-inner su-u-clearfix su-u-trim\"> <a href=\"http:\/\/www.comermaq.com\/es\/productos\/pescantes\/\"><img loading=\"lazy\" decoding=\"async\" class=\"alignnone wp-image-56 size-full\" src=\"\/wp-content\/uploads\/2016\/07\/path-400x340.jpg\" alt=\"Comermaq pescantes\" width=\"400\" height=\"340\" srcset=\"http:\/\/www.comermaq.com\/wp-content\/uploads\/2016\/07\/path-400x340.jpg 400w, http:\/\/www.comermaq.com\/wp-content\/uploads\/2016\/07\/path-400x340-300x255.jpg 300w, http:\/\/www.comermaq.com\/wp-content\/uploads\/2016\/07\/path-400x340-150x128.jpg 150w\" sizes=\"auto, (max-width: 400px) 100vw, 400px\" \/><\/a><\/p>\n<h4><a href=\"http:\/\/www.comermaq.com\/es\/productos\/pescantes\/\">Pescantes<\/a><\/h4>\n<\/div><\/div>\n<div class=\"su-column su-column-size-1-5\"><div class=\"su-column-inner su-u-clearfix su-u-trim\"> <a href=\"http:\/\/www.comermaq.com\/es\/productos\/linias-vida\/\"><img loading=\"lazy\" decoding=\"async\" class=\"alignnone wp-image-230 size-full\" src=\"\/wp-content\/uploads\/2016\/07\/cabrestants_1-2.jpg\" alt=\"l\u00ednias de vida\" width=\"428\" height=\"368\" srcset=\"http:\/\/www.comermaq.com\/wp-content\/uploads\/2016\/07\/cabrestants_1-2.jpg 428w, http:\/\/www.comermaq.com\/wp-content\/uploads\/2016\/07\/cabrestants_1-2-300x258.jpg 300w, http:\/\/www.comermaq.com\/wp-content\/uploads\/2016\/07\/cabrestants_1-2-150x129.jpg 150w, http:\/\/www.comermaq.com\/wp-content\/uploads\/2016\/07\/cabrestants_1-2-400x344.jpg 400w\" sizes=\"auto, (max-width: 428px) 100vw, 428px\" \/><\/a><\/p>\n<h4><a href=\"http:\/\/www.comermaq.com\/es\/productos\/linias-vida\/\">L\u00edneas de vida<\/a><\/h4>\n<\/div><\/div>\n<\/div>\n<p><span style=\"border-radius: 2px; text-indent: 20px; width: auto; padding: 0px 4px 0px 0px; text-align: center; font: bold 11px\/20px 'Helvetica Neue',Helvetica,sans-serif; color: #ffffff; background: #bd081c no-repeat scroll 3px 50% \/ 14px 14px; position: absolute; opacity: 1; z-index: 8675309; display: none; cursor: pointer; top: 124px; left: 192px;\">Guardar<\/span><\/p>\n<p><span style=\"border-radius: 2px; text-indent: 20px; width: auto; padding: 0px 4px 0px 0px; text-align: center; font: bold 11px\/20px 'Helvetica Neue',Helvetica,sans-serif; color: #ffffff; background: #bd081c no-repeat scroll 3px 50% \/ 14px 14px; position: absolute; opacity: 1; z-index: 8675309; display: none; cursor: pointer;\">Guardar<\/span><\/p>\n<p><span style=\"border-radius: 2px; text-indent: 20px; width: auto; padding: 0px 4px 0px 0px; text-align: center; font: bold 11px\/20px 'Helvetica Neue',Helvetica,sans-serif; color: #ffffff; background: #bd081c  no-repeat scroll 3px 50% \/ 14px 14px; position: absolute; opacity: 1; z-index: 8675311; display: none; cursor: pointer; top: 907px; left: 192px;\">Guardar<\/span><\/p>\n","protected":false},"excerpt":{"rendered":"<p>Somos especialistas en elevaci\u00f3n y disponemos de una amplia oferta en Puentes gr\u00faa, P\u00f3rticos, Pescantes, Polipastos y Cabrestantes. Consulte con nuestro equipo de especialistas y le ayudaremos a buscar la mejor soluci\u00f3n en intralog\u00edstica. Guardar Guardar Guardar<\/p>\n","protected":false},"author":1,"featured_media":0,"parent":0,"menu_order":0,"comment_status":"closed","ping_status":"closed","template":"templates\/fullwidth.php","meta":{"footnotes":""},"class_list":["post-396","page","type-page","status-publish","hentry","page-entry","loop-entry clr"],"yoast_head":"<!-- This site is optimized with the Yoast SEO plugin v26.9 - https:\/\/yoast.com\/product\/yoast-seo-wordpress\/ -->\n<title>Equipos Elevaci\u00f3n. Puentes gr\u00faa, p\u00f3rticos, pescantes, polipastos<\/title>\n<meta name=\"description\" content=\"Equipos Elevaci\u00f3n. Somos especialistas y disponemos de una amplia oferta en Puentes gr\u00faa, P\u00f3rticos, Pescantes, Polipastos y Cabrestantes. Comermaq Tarraco\" \/>\n<meta name=\"robots\" content=\"index, follow, max-snippet:-1, max-image-preview:large, max-video-preview:-1\" \/>\n<link rel=\"canonical\" href=\"http:\/\/www.comermaq.com\/es\/equipos-elevacion\/\" \/>\n<meta property=\"og:locale\" content=\"es_ES\" \/>\n<meta property=\"og:type\" content=\"article\" \/>\n<meta property=\"og:title\" content=\"Equipos Elevaci\u00f3n. Puentes gr\u00faa, p\u00f3rticos, pescantes, polipastos\" \/>\n<meta property=\"og:description\" content=\"Equipos Elevaci\u00f3n. Somos especialistas y disponemos de una amplia oferta en Puentes gr\u00faa, P\u00f3rticos, Pescantes, Polipastos y Cabrestantes. Comermaq Tarraco\" \/>\n<meta property=\"og:url\" content=\"http:\/\/www.comermaq.com\/es\/equipos-elevacion\/\" \/>\n<meta property=\"og:site_name\" content=\"COMERMAQ TARRACO SL\" \/>\n<meta property=\"article:modified_time\" content=\"2021-01-27T16:26:29+00:00\" \/>\n<meta property=\"og:image\" content=\"http:\/\/www.comermaq.com\/wp-content\/uploads\/2016\/07\/p_grua_birrail_polisp_cabl_-300x258.png\" \/>\n<meta name=\"twitter:card\" content=\"summary_large_image\" \/>\n<script type=\"application\/ld+json\" class=\"yoast-schema-graph\">{\"@context\":\"https:\/\/schema.org\",\"@graph\":[{\"@type\":\"WebPage\",\"@id\":\"http:\/\/www.comermaq.com\/es\/equipos-elevacion\/\",\"url\":\"http:\/\/www.comermaq.com\/es\/equipos-elevacion\/\",\"name\":\"Equipos Elevaci\u00f3n. Puentes gr\u00faa, p\u00f3rticos, pescantes, polipastos\",\"isPartOf\":{\"@id\":\"http:\/\/www.comermaq.com\/#website\"},\"primaryImageOfPage\":{\"@id\":\"http:\/\/www.comermaq.com\/es\/equipos-elevacion\/#primaryimage\"},\"image\":{\"@id\":\"http:\/\/www.comermaq.com\/es\/equipos-elevacion\/#primaryimage\"},\"thumbnailUrl\":\"http:\/\/www.comermaq.com\/wp-content\/uploads\/2016\/07\/p_grua_birrail_polisp_cabl_-300x258.png\",\"datePublished\":\"2017-09-01T14:33:53+00:00\",\"dateModified\":\"2021-01-27T16:26:29+00:00\",\"description\":\"Equipos Elevaci\u00f3n. Somos especialistas y disponemos de una amplia oferta en Puentes gr\u00faa, P\u00f3rticos, Pescantes, Polipastos y Cabrestantes. Comermaq Tarraco\",\"breadcrumb\":{\"@id\":\"http:\/\/www.comermaq.com\/es\/equipos-elevacion\/#breadcrumb\"},\"inLanguage\":\"es\",\"potentialAction\":[{\"@type\":\"ReadAction\",\"target\":[\"http:\/\/www.comermaq.com\/es\/equipos-elevacion\/\"]}]},{\"@type\":\"ImageObject\",\"inLanguage\":\"es\",\"@id\":\"http:\/\/www.comermaq.com\/es\/equipos-elevacion\/#primaryimage\",\"url\":\"http:\/\/www.comermaq.com\/wp-content\/uploads\/2016\/07\/p_grua_birrail_polisp_cabl_-300x258.png\",\"contentUrl\":\"http:\/\/www.comermaq.com\/wp-content\/uploads\/2016\/07\/p_grua_birrail_polisp_cabl_-300x258.png\"},{\"@type\":\"BreadcrumbList\",\"@id\":\"http:\/\/www.comermaq.com\/es\/equipos-elevacion\/#breadcrumb\",\"itemListElement\":[{\"@type\":\"ListItem\",\"position\":1,\"name\":\"Portada\",\"item\":\"http:\/\/www.comermaq.com\/es\/\"},{\"@type\":\"ListItem\",\"position\":2,\"name\":\"Equipos Elevaci\u00f3n\"}]},{\"@type\":\"WebSite\",\"@id\":\"http:\/\/www.comermaq.com\/#website\",\"url\":\"http:\/\/www.comermaq.com\/\",\"name\":\"COMERMAQ TARRACO SL\",\"description\":\"Lloguer, venda, manteniment  i reparaci\u00f3 d&#039;equips d&#039;elevaci\u00f3\",\"publisher\":{\"@id\":\"http:\/\/www.comermaq.com\/#organization\"},\"potentialAction\":[{\"@type\":\"SearchAction\",\"target\":{\"@type\":\"EntryPoint\",\"urlTemplate\":\"http:\/\/www.comermaq.com\/?s={search_term_string}\"},\"query-input\":{\"@type\":\"PropertyValueSpecification\",\"valueRequired\":true,\"valueName\":\"search_term_string\"}}],\"inLanguage\":\"es\"},{\"@type\":\"Organization\",\"@id\":\"http:\/\/www.comermaq.com\/#organization\",\"name\":\"Comermaq\",\"url\":\"http:\/\/www.comermaq.com\/\",\"logo\":{\"@type\":\"ImageObject\",\"inLanguage\":\"es\",\"@id\":\"http:\/\/www.comermaq.com\/#\/schema\/logo\/image\/\",\"url\":\"http:\/\/www.comermaq.com\/wp-content\/uploads\/2016\/11\/LOGO_COMERMAQ.jpg\",\"contentUrl\":\"http:\/\/www.comermaq.com\/wp-content\/uploads\/2016\/11\/LOGO_COMERMAQ.jpg\",\"width\":250,\"height\":122,\"caption\":\"Comermaq\"},\"image\":{\"@id\":\"http:\/\/www.comermaq.com\/#\/schema\/logo\/image\/\"}}]}<\/script>\n<!-- \/ Yoast SEO plugin. -->","yoast_head_json":{"title":"Equipos Elevaci\u00f3n. Puentes gr\u00faa, p\u00f3rticos, pescantes, polipastos","description":"Equipos Elevaci\u00f3n. Somos especialistas y disponemos de una amplia oferta en Puentes gr\u00faa, P\u00f3rticos, Pescantes, Polipastos y Cabrestantes. Comermaq Tarraco","robots":{"index":"index","follow":"follow","max-snippet":"max-snippet:-1","max-image-preview":"max-image-preview:large","max-video-preview":"max-video-preview:-1"},"canonical":"http:\/\/www.comermaq.com\/es\/equipos-elevacion\/","og_locale":"es_ES","og_type":"article","og_title":"Equipos Elevaci\u00f3n. Puentes gr\u00faa, p\u00f3rticos, pescantes, polipastos","og_description":"Equipos Elevaci\u00f3n. Somos especialistas y disponemos de una amplia oferta en Puentes gr\u00faa, P\u00f3rticos, Pescantes, Polipastos y Cabrestantes. Comermaq Tarraco","og_url":"http:\/\/www.comermaq.com\/es\/equipos-elevacion\/","og_site_name":"COMERMAQ TARRACO SL","article_modified_time":"2021-01-27T16:26:29+00:00","og_image":[{"url":"http:\/\/www.comermaq.com\/wp-content\/uploads\/2016\/07\/p_grua_birrail_polisp_cabl_-300x258.png","type":"","width":"","height":""}],"twitter_card":"summary_large_image","schema":{"@context":"https:\/\/schema.org","@graph":[{"@type":"WebPage","@id":"http:\/\/www.comermaq.com\/es\/equipos-elevacion\/","url":"http:\/\/www.comermaq.com\/es\/equipos-elevacion\/","name":"Equipos Elevaci\u00f3n. Puentes gr\u00faa, p\u00f3rticos, pescantes, polipastos","isPartOf":{"@id":"http:\/\/www.comermaq.com\/#website"},"primaryImageOfPage":{"@id":"http:\/\/www.comermaq.com\/es\/equipos-elevacion\/#primaryimage"},"image":{"@id":"http:\/\/www.comermaq.com\/es\/equipos-elevacion\/#primaryimage"},"thumbnailUrl":"http:\/\/www.comermaq.com\/wp-content\/uploads\/2016\/07\/p_grua_birrail_polisp_cabl_-300x258.png","datePublished":"2017-09-01T14:33:53+00:00","dateModified":"2021-01-27T16:26:29+00:00","description":"Equipos Elevaci\u00f3n. Somos especialistas y disponemos de una amplia oferta en Puentes gr\u00faa, P\u00f3rticos, Pescantes, Polipastos y Cabrestantes. Comermaq Tarraco","breadcrumb":{"@id":"http:\/\/www.comermaq.com\/es\/equipos-elevacion\/#breadcrumb"},"inLanguage":"es","potentialAction":[{"@type":"ReadAction","target":["http:\/\/www.comermaq.com\/es\/equipos-elevacion\/"]}]},{"@type":"ImageObject","inLanguage":"es","@id":"http:\/\/www.comermaq.com\/es\/equipos-elevacion\/#primaryimage","url":"http:\/\/www.comermaq.com\/wp-content\/uploads\/2016\/07\/p_grua_birrail_polisp_cabl_-300x258.png","contentUrl":"http:\/\/www.comermaq.com\/wp-content\/uploads\/2016\/07\/p_grua_birrail_polisp_cabl_-300x258.png"},{"@type":"BreadcrumbList","@id":"http:\/\/www.comermaq.com\/es\/equipos-elevacion\/#breadcrumb","itemListElement":[{"@type":"ListItem","position":1,"name":"Portada","item":"http:\/\/www.comermaq.com\/es\/"},{"@type":"ListItem","position":2,"name":"Equipos Elevaci\u00f3n"}]},{"@type":"WebSite","@id":"http:\/\/www.comermaq.com\/#website","url":"http:\/\/www.comermaq.com\/","name":"COMERMAQ TARRACO SL","description":"Lloguer, venda, manteniment  i reparaci\u00f3 d&#039;equips d&#039;elevaci\u00f3","publisher":{"@id":"http:\/\/www.comermaq.com\/#organization"},"potentialAction":[{"@type":"SearchAction","target":{"@type":"EntryPoint","urlTemplate":"http:\/\/www.comermaq.com\/?s={search_term_string}"},"query-input":{"@type":"PropertyValueSpecification","valueRequired":true,"valueName":"search_term_string"}}],"inLanguage":"es"},{"@type":"Organization","@id":"http:\/\/www.comermaq.com\/#organization","name":"Comermaq","url":"http:\/\/www.comermaq.com\/","logo":{"@type":"ImageObject","inLanguage":"es","@id":"http:\/\/www.comermaq.com\/#\/schema\/logo\/image\/","url":"http:\/\/www.comermaq.com\/wp-content\/uploads\/2016\/11\/LOGO_COMERMAQ.jpg","contentUrl":"http:\/\/www.comermaq.com\/wp-content\/uploads\/2016\/11\/LOGO_COMERMAQ.jpg","width":250,"height":122,"caption":"Comermaq"},"image":{"@id":"http:\/\/www.comermaq.com\/#\/schema\/logo\/image\/"}}]}},"_links":{"self":[{"href":"http:\/\/www.comermaq.com\/es\/wp-json\/wp\/v2\/pages\/396","targetHints":{"allow":["GET"]}}],"collection":[{"href":"http:\/\/www.comermaq.com\/es\/wp-json\/wp\/v2\/pages"}],"about":[{"href":"http:\/\/www.comermaq.com\/es\/wp-json\/wp\/v2\/types\/page"}],"author":[{"embeddable":true,"href":"http:\/\/www.comermaq.com\/es\/wp-json\/wp\/v2\/users\/1"}],"replies":[{"embeddable":true,"href":"http:\/\/www.comermaq.com\/es\/wp-json\/wp\/v2\/comments?post=396"}],"version-history":[{"count":10,"href":"http:\/\/www.comermaq.com\/es\/wp-json\/wp\/v2\/pages\/396\/revisions"}],"predecessor-version":[{"id":719,"href":"http:\/\/www.comermaq.com\/es\/wp-json\/wp\/v2\/pages\/396\/revisions\/719"}],"wp:attachment":[{"href":"http:\/\/www.comermaq.com\/es\/wp-json\/wp\/v2\/media?parent=396"}],"curies":[{"name":"wp","href":"https:\/\/api.w.org\/{rel}","templated":true}]}}