{"id":390,"date":"2017-09-01T14:08:28","date_gmt":"2017-09-01T14:08:28","guid":{"rendered":"http:\/\/www.comermaq.com\/es\/?page_id=390"},"modified":"2021-03-01T18:05:44","modified_gmt":"2021-03-01T18:05:44","slug":"contactar","status":"publish","type":"page","link":"http:\/\/www.comermaq.com\/es\/contactar\/","title":{"rendered":"Contactar"},"content":{"rendered":"<div class=\"su-row\">\n<div class=\"su-column su-column-size-1-3\"><div class=\"su-column-inner su-u-clearfix su-u-trim\">\n<p>Si tiene cualquier duda o consulta para hacernos, puede rellenar el siguiente formulario y un especialista de nuestro equipo t\u00e9cnico se pondr\u00e1 en contacto.<\/p>\n\n<div class=\"wpcf7 no-js\" id=\"wpcf7-f389-o1\" lang=\"es-ES\" dir=\"ltr\" data-wpcf7-id=\"389\">\n<div class=\"screen-reader-response\"><p role=\"status\" aria-live=\"polite\" aria-atomic=\"true\"><\/p> <ul><\/ul><\/div>\n<form action=\"\/es\/wp-json\/wp\/v2\/pages\/390#wpcf7-f389-o1\" method=\"post\" class=\"wpcf7-form init wpcf7-acceptance-as-validation\" aria-label=\"Formulario de contacto\" novalidate=\"novalidate\" data-status=\"init\">\n<fieldset class=\"hidden-fields-container\"><input type=\"hidden\" name=\"_wpcf7\" value=\"389\" \/><input type=\"hidden\" name=\"_wpcf7_version\" value=\"6.1.5\" \/><input type=\"hidden\" name=\"_wpcf7_locale\" value=\"es_ES\" \/><input type=\"hidden\" name=\"_wpcf7_unit_tag\" value=\"wpcf7-f389-o1\" \/><input type=\"hidden\" name=\"_wpcf7_container_post\" value=\"0\" \/><input type=\"hidden\" name=\"_wpcf7_posted_data_hash\" value=\"\" \/><input type=\"hidden\" name=\"_wpcf7_recaptcha_response\" value=\"\" \/>\n<\/fieldset>\n<p><label> Nombre (requerido)<br \/>\n<span class=\"wpcf7-form-control-wrap\" data-name=\"your-name\"><input size=\"40\" maxlength=\"400\" class=\"wpcf7-form-control wpcf7-text wpcf7-validates-as-required\" aria-required=\"true\" aria-invalid=\"false\" value=\"\" type=\"text\" name=\"your-name\" \/><\/span> <\/label>\n<\/p>\n<p><label> Tu correo electr\u00f3nico (requerido)<br \/>\n<span class=\"wpcf7-form-control-wrap\" data-name=\"your-email\"><input size=\"40\" maxlength=\"400\" class=\"wpcf7-form-control wpcf7-email wpcf7-validates-as-required wpcf7-text wpcf7-validates-as-email\" aria-required=\"true\" aria-invalid=\"false\" value=\"\" type=\"email\" name=\"your-email\" \/><\/span> <\/label>\n<\/p>\n<p><label> Asunto<br \/>\n<span class=\"wpcf7-form-control-wrap\" data-name=\"your-subject\"><input size=\"40\" maxlength=\"400\" class=\"wpcf7-form-control wpcf7-text\" aria-invalid=\"false\" value=\"\" type=\"text\" name=\"your-subject\" \/><\/span> <\/label>\n<\/p>\n<p><label> Mensaje<br \/>\n<span class=\"wpcf7-form-control-wrap\" data-name=\"your-message\"><textarea cols=\"40\" rows=\"10\" maxlength=\"2000\" class=\"wpcf7-form-control wpcf7-textarea\" aria-invalid=\"false\" name=\"your-message\"><\/textarea><\/span> <\/label>\n<\/p>\n<p><span class=\"wpcf7-form-control-wrap\" data-name=\"acceptance-805\"><span class=\"wpcf7-form-control wpcf7-acceptance\"><span class=\"wpcf7-list-item\"><input type=\"checkbox\" name=\"acceptance-805\" value=\"1\" aria-invalid=\"false\" \/><\/span><\/span><\/span><span style=\"font-size:11px;\">Accepto los t\u00e9rminos legales <a href=\"https:\/\/www.comermaq.com\/es\/consentimiento-para-el-tratamiento-de-datos-personales\/\" target=\"_blank\">(Leer t\u00e9rminos)<\/a><\/span><br \/>\n<input class=\"wpcf7-form-control wpcf7-submit has-spinner\" type=\"submit\" value=\"Enviar\" \/>\n<\/p><p style=\"display: none !important;\" class=\"akismet-fields-container\" data-prefix=\"_wpcf7_ak_\"><label>&#916;<textarea name=\"_wpcf7_ak_hp_textarea\" cols=\"45\" rows=\"8\" maxlength=\"100\"><\/textarea><\/label><input type=\"hidden\" id=\"ak_js_1\" name=\"_wpcf7_ak_js\" value=\"152\"\/><script>document.getElementById( \"ak_js_1\" ).setAttribute( \"value\", ( new Date() ).getTime() );<\/script><\/p><div class=\"wpcf7-response-output\" aria-hidden=\"true\"><\/div>\n<\/form>\n<\/div>\n\n<\/div><\/div>\n<div class=\"su-column su-column-size-1-2\"><div class=\"su-column-inner su-u-clearfix su-u-trim\"><div class=\"su-gmap su-u-responsive-media-yes\"><iframe loading=\"lazy\" width=\"800\" height=\"800\" src=\"\/\/maps.google.com\/maps?q=COMERMAQ%20TARRACO%2C%20S.L.%2C%20Cam%C3%AD%20Vell%20de%20Salou%2C%203%2C%20Pol%C3%ADgon%20Industrial%20Francol%C3%AD%2C%2043006%20Tarragona%2C%20Espa%C3%B1a&amp;output=embed\" title=\"\"><\/iframe><\/div>\n<strong>TARRAGONA<\/strong><br \/>\nCam\u00ed Vell de Salou, 3<br \/>\nPol. Ind. Francol\u00ed<br \/>\n43006 Tarragona<br \/>\nTel. <a href=\"http:\/\/902151251\">902151251<\/a><br \/>\n<a href=\"mailto:info@comermaq.com\">info@comermaq.com<\/a><\/p>\n<p><strong>BARCELONA<\/strong><br \/>\nPol\u00edgon Parc Empresarial<br \/>\nC\/ Xarel\u00b7lo, 4<br \/>\n08758 CERVELL\u00d3<br \/>\nBarcelona<br \/>\nTel. <a href=\"http:\/\/902151251\">902151251<\/a><br \/>\n<a href=\"mailto:info@comermaq.com\">info@comermaq.com<\/a><\/div><\/div>\n<\/div>\n<p>&nbsp;<\/p>\n","protected":false},"excerpt":{"rendered":"<p>&nbsp;<\/p>\n","protected":false},"author":1,"featured_media":0,"parent":0,"menu_order":0,"comment_status":"closed","ping_status":"closed","template":"templates\/fullwidth.php","meta":{"footnotes":""},"class_list":["post-390","page","type-page","status-publish","hentry","page-entry","loop-entry clr"],"yoast_head":"<!-- This site is optimized with the Yoast SEO plugin v26.9 - https:\/\/yoast.com\/product\/yoast-seo-wordpress\/ -->\n<title>Informaci\u00f3n de contacto y localizaci\u00f3n - COMERMAQ TARRACO, S.L<\/title>\n<meta name=\"description\" content=\"CENTRAL: Cam\u00ed Vell de Salou, 3 Pol. Ind. Francol\u00ed 43006 Tarragona Tel\u00e8fon 902151251 Email info@comermaq.com. Informaci\u00f3n de contacto y localizaci\u00f3n Comermaq\" \/>\n<meta name=\"robots\" content=\"index, follow, max-snippet:-1, max-image-preview:large, max-video-preview:-1\" \/>\n<link rel=\"canonical\" href=\"http:\/\/www.comermaq.com\/es\/contactar\/\" \/>\n<meta property=\"og:locale\" content=\"es_ES\" \/>\n<meta property=\"og:type\" content=\"article\" \/>\n<meta property=\"og:title\" content=\"Informaci\u00f3n de contacto y localizaci\u00f3n - COMERMAQ TARRACO, S.L\" \/>\n<meta property=\"og:description\" content=\"CENTRAL: Cam\u00ed Vell de Salou, 3 Pol. Ind. Francol\u00ed 43006 Tarragona Tel\u00e8fon 902151251 Email info@comermaq.com. Informaci\u00f3n de contacto y localizaci\u00f3n Comermaq\" \/>\n<meta property=\"og:url\" content=\"http:\/\/www.comermaq.com\/es\/contactar\/\" \/>\n<meta property=\"og:site_name\" content=\"COMERMAQ TARRACO SL\" \/>\n<meta property=\"article:modified_time\" content=\"2021-03-01T18:05:44+00:00\" \/>\n<meta name=\"twitter:card\" content=\"summary_large_image\" \/>\n<script type=\"application\/ld+json\" class=\"yoast-schema-graph\">{\"@context\":\"https:\/\/schema.org\",\"@graph\":[{\"@type\":\"WebPage\",\"@id\":\"http:\/\/www.comermaq.com\/es\/contactar\/\",\"url\":\"http:\/\/www.comermaq.com\/es\/contactar\/\",\"name\":\"Informaci\u00f3n de contacto y localizaci\u00f3n - COMERMAQ TARRACO, S.L\",\"isPartOf\":{\"@id\":\"http:\/\/www.comermaq.com\/#website\"},\"datePublished\":\"2017-09-01T14:08:28+00:00\",\"dateModified\":\"2021-03-01T18:05:44+00:00\",\"description\":\"CENTRAL: Cam\u00ed Vell de Salou, 3 Pol. Ind. Francol\u00ed 43006 Tarragona Tel\u00e8fon 902151251 Email info@comermaq.com. Informaci\u00f3n de contacto y localizaci\u00f3n Comermaq\",\"breadcrumb\":{\"@id\":\"http:\/\/www.comermaq.com\/es\/contactar\/#breadcrumb\"},\"inLanguage\":\"es\",\"potentialAction\":[{\"@type\":\"ReadAction\",\"target\":[\"http:\/\/www.comermaq.com\/es\/contactar\/\"]}]},{\"@type\":\"BreadcrumbList\",\"@id\":\"http:\/\/www.comermaq.com\/es\/contactar\/#breadcrumb\",\"itemListElement\":[{\"@type\":\"ListItem\",\"position\":1,\"name\":\"Portada\",\"item\":\"http:\/\/www.comermaq.com\/es\/\"},{\"@type\":\"ListItem\",\"position\":2,\"name\":\"Contactar\"}]},{\"@type\":\"WebSite\",\"@id\":\"http:\/\/www.comermaq.com\/#website\",\"url\":\"http:\/\/www.comermaq.com\/\",\"name\":\"COMERMAQ TARRACO SL\",\"description\":\"Lloguer, venda, manteniment  i reparaci\u00f3 d&#039;equips d&#039;elevaci\u00f3\",\"publisher\":{\"@id\":\"http:\/\/www.comermaq.com\/#organization\"},\"potentialAction\":[{\"@type\":\"SearchAction\",\"target\":{\"@type\":\"EntryPoint\",\"urlTemplate\":\"http:\/\/www.comermaq.com\/?s={search_term_string}\"},\"query-input\":{\"@type\":\"PropertyValueSpecification\",\"valueRequired\":true,\"valueName\":\"search_term_string\"}}],\"inLanguage\":\"es\"},{\"@type\":\"Organization\",\"@id\":\"http:\/\/www.comermaq.com\/#organization\",\"name\":\"Comermaq\",\"url\":\"http:\/\/www.comermaq.com\/\",\"logo\":{\"@type\":\"ImageObject\",\"inLanguage\":\"es\",\"@id\":\"http:\/\/www.comermaq.com\/#\/schema\/logo\/image\/\",\"url\":\"http:\/\/www.comermaq.com\/wp-content\/uploads\/2016\/11\/LOGO_COMERMAQ.jpg\",\"contentUrl\":\"http:\/\/www.comermaq.com\/wp-content\/uploads\/2016\/11\/LOGO_COMERMAQ.jpg\",\"width\":250,\"height\":122,\"caption\":\"Comermaq\"},\"image\":{\"@id\":\"http:\/\/www.comermaq.com\/#\/schema\/logo\/image\/\"}}]}<\/script>\n<!-- \/ Yoast SEO plugin. -->","yoast_head_json":{"title":"Informaci\u00f3n de contacto y localizaci\u00f3n - COMERMAQ TARRACO, S.L","description":"CENTRAL: Cam\u00ed Vell de Salou, 3 Pol. Ind. Francol\u00ed 43006 Tarragona Tel\u00e8fon 902151251 Email info@comermaq.com. Informaci\u00f3n de contacto y localizaci\u00f3n Comermaq","robots":{"index":"index","follow":"follow","max-snippet":"max-snippet:-1","max-image-preview":"max-image-preview:large","max-video-preview":"max-video-preview:-1"},"canonical":"http:\/\/www.comermaq.com\/es\/contactar\/","og_locale":"es_ES","og_type":"article","og_title":"Informaci\u00f3n de contacto y localizaci\u00f3n - COMERMAQ TARRACO, S.L","og_description":"CENTRAL: Cam\u00ed Vell de Salou, 3 Pol. Ind. Francol\u00ed 43006 Tarragona Tel\u00e8fon 902151251 Email info@comermaq.com. Informaci\u00f3n de contacto y localizaci\u00f3n Comermaq","og_url":"http:\/\/www.comermaq.com\/es\/contactar\/","og_site_name":"COMERMAQ TARRACO SL","article_modified_time":"2021-03-01T18:05:44+00:00","twitter_card":"summary_large_image","schema":{"@context":"https:\/\/schema.org","@graph":[{"@type":"WebPage","@id":"http:\/\/www.comermaq.com\/es\/contactar\/","url":"http:\/\/www.comermaq.com\/es\/contactar\/","name":"Informaci\u00f3n de contacto y localizaci\u00f3n - COMERMAQ TARRACO, S.L","isPartOf":{"@id":"http:\/\/www.comermaq.com\/#website"},"datePublished":"2017-09-01T14:08:28+00:00","dateModified":"2021-03-01T18:05:44+00:00","description":"CENTRAL: Cam\u00ed Vell de Salou, 3 Pol. Ind. Francol\u00ed 43006 Tarragona Tel\u00e8fon 902151251 Email info@comermaq.com. Informaci\u00f3n de contacto y localizaci\u00f3n Comermaq","breadcrumb":{"@id":"http:\/\/www.comermaq.com\/es\/contactar\/#breadcrumb"},"inLanguage":"es","potentialAction":[{"@type":"ReadAction","target":["http:\/\/www.comermaq.com\/es\/contactar\/"]}]},{"@type":"BreadcrumbList","@id":"http:\/\/www.comermaq.com\/es\/contactar\/#breadcrumb","itemListElement":[{"@type":"ListItem","position":1,"name":"Portada","item":"http:\/\/www.comermaq.com\/es\/"},{"@type":"ListItem","position":2,"name":"Contactar"}]},{"@type":"WebSite","@id":"http:\/\/www.comermaq.com\/#website","url":"http:\/\/www.comermaq.com\/","name":"COMERMAQ TARRACO SL","description":"Lloguer, venda, manteniment  i reparaci\u00f3 d&#039;equips d&#039;elevaci\u00f3","publisher":{"@id":"http:\/\/www.comermaq.com\/#organization"},"potentialAction":[{"@type":"SearchAction","target":{"@type":"EntryPoint","urlTemplate":"http:\/\/www.comermaq.com\/?s={search_term_string}"},"query-input":{"@type":"PropertyValueSpecification","valueRequired":true,"valueName":"search_term_string"}}],"inLanguage":"es"},{"@type":"Organization","@id":"http:\/\/www.comermaq.com\/#organization","name":"Comermaq","url":"http:\/\/www.comermaq.com\/","logo":{"@type":"ImageObject","inLanguage":"es","@id":"http:\/\/www.comermaq.com\/#\/schema\/logo\/image\/","url":"http:\/\/www.comermaq.com\/wp-content\/uploads\/2016\/11\/LOGO_COMERMAQ.jpg","contentUrl":"http:\/\/www.comermaq.com\/wp-content\/uploads\/2016\/11\/LOGO_COMERMAQ.jpg","width":250,"height":122,"caption":"Comermaq"},"image":{"@id":"http:\/\/www.comermaq.com\/#\/schema\/logo\/image\/"}}]}},"_links":{"self":[{"href":"http:\/\/www.comermaq.com\/es\/wp-json\/wp\/v2\/pages\/390","targetHints":{"allow":["GET"]}}],"collection":[{"href":"http:\/\/www.comermaq.com\/es\/wp-json\/wp\/v2\/pages"}],"about":[{"href":"http:\/\/www.comermaq.com\/es\/wp-json\/wp\/v2\/types\/page"}],"author":[{"embeddable":true,"href":"http:\/\/www.comermaq.com\/es\/wp-json\/wp\/v2\/users\/1"}],"replies":[{"embeddable":true,"href":"http:\/\/www.comermaq.com\/es\/wp-json\/wp\/v2\/comments?post=390"}],"version-history":[{"count":7,"href":"http:\/\/www.comermaq.com\/es\/wp-json\/wp\/v2\/pages\/390\/revisions"}],"predecessor-version":[{"id":735,"href":"http:\/\/www.comermaq.com\/es\/wp-json\/wp\/v2\/pages\/390\/revisions\/735"}],"wp:attachment":[{"href":"http:\/\/www.comermaq.com\/es\/wp-json\/wp\/v2\/media?parent=390"}],"curies":[{"name":"wp","href":"https:\/\/api.w.org\/{rel}","templated":true}]}}